{"id":1361,"date":"2024-12-09T15:06:12","date_gmt":"2024-12-09T15:06:12","guid":{"rendered":"https:\/\/lemarieprimeurs.com\/?page_id=1361"},"modified":"2024-12-10T11:17:24","modified_gmt":"2024-12-10T11:17:24","slug":"mentions-legales","status":"publish","type":"page","link":"https:\/\/lemarieprimeurs.com\/en\/mentions-legales\/","title":{"rendered":"Legal notice"},"content":{"rendered":"<p class=\"wp-block-paragraph\">Site management<br>LEMARIE PRIMEURS SAS &#8211; 2 Rue des Nouettes &#8211; Z.A de l&rsquo;Outre &#8211; 35350 La Gouesni\u00e8re &#8211; 02 99 81 48 55<\/p>\n\n\n\n<p class=\"wp-block-paragraph\">SIRET : 394 820 054 00028<\/p>\n\n\n\n<p class=\"wp-block-paragraph\">N\u00b0TVA : FR 613 948 200 54<\/p>\n\n\n\n<p class=\"wp-block-paragraph\">LEGAL FORM: Simplified Joint-Stock Company<\/p>\n\n\n\n<p class=\"wp-block-paragraph\">ACTIVIT\u00c9 : Commerce de gros (commerce interentreprises) de fruits et l\u00e9gumes (4631Z)<\/p>\n\n\n\n<p class=\"wp-block-paragraph\">SHARE CAPITAL : 100 000<\/p>\n\n\n\n<p class=\"wp-block-paragraph\">RCS: RESPECT FOR PERSONAL DATA<\/p>\n\n\n\n<p class=\"wp-block-paragraph\">The information collected on this form is stored in a computerized file by LEMARIE PRIMEURS SAS for the sole purpose of establishing a professional and commercial relationship with clients. It is retained for a full year and is intended solely for LEMARIE PRIMEURS SAS.<br>In accordance with the 'Data Protection' laws and the 'GDPR', you have the right to access, rectify, or object to your data by contacting us at lemarieprimeurs@orange.fr.<\/p>\n\n\n\n<div class=\"wp-block-buttons is-layout-flex wp-block-buttons-is-layout-flex\">\n<div class=\"wp-block-button has-custom-font-size is-style-circular has-large-font-size\"><a class=\"wp-block-button__link wp-element-button\" href=\"https:\/\/lemarieprimeurs.com\/wp-content\/uploads\/2024\/12\/CONDITIONS-GENERALES-DE-VENTE.pdf\">Download our general terms and conditions of sale<\/a><\/div>\n<\/div>\n\n\n\n<p class=\"wp-block-paragraph\"><\/p>","protected":false},"excerpt":{"rendered":"<p>Gestion du siteLEMARIE PRIMEURS SAS &#8211; 2 Rue des Nouettes &#8211; Z.A de l&rsquo;Outre &#8211; 35350 La Gouesni\u00e8re &#8211; 02 99 81 48 55 SIRET : 394 820 054 00028 N\u00b0TVA : FR 613 948 200 54 FORME JURIDIQUE : Soci\u00e9t\u00e9 par actions simplifi\u00e9es ACTIVIT\u00c9 : Commerce de gros (commerce interentreprises) de fruits et l\u00e9gumes [&hellip;]<\/p>\n","protected":false},"author":104303293,"featured_media":0,"parent":0,"menu_order":0,"comment_status":"closed","ping_status":"closed","template":"","meta":{"_coblocks_attr":"","_coblocks_dimensions":"","_coblocks_responsive_height":"","_coblocks_accordion_ie_support":"","_crdt_document":"","jetpack_post_was_ever_published":false,"footnotes":""},"class_list":["post-1361","page","type-page","status-publish","hentry"],"yoast_head":"<!-- This site is optimized with the Yoast SEO plugin v27.3 - https:\/\/yoast.com\/product\/yoast-seo-wordpress\/ -->\n<title>Mentions l\u00e9gales - LEMARIE PRIMEURS<\/title>\n<meta name=\"robots\" content=\"index, follow, max-snippet:-1, max-image-preview:large, max-video-preview:-1\" \/>\n<link rel=\"canonical\" href=\"https:\/\/lemarieprimeurs.com\/en\/mentions-legales\/\" \/>\n<meta property=\"og:locale\" content=\"en_GB\" \/>\n<meta property=\"og:type\" content=\"article\" \/>\n<meta property=\"og:title\" content=\"Mentions l\u00e9gales - LEMARIE PRIMEURS\" \/>\n<meta property=\"og:description\" content=\"Gestion du siteLEMARIE PRIMEURS SAS &#8211; 2 Rue des Nouettes &#8211; Z.A de l&rsquo;Outre &#8211; 35350 La Gouesni\u00e8re &#8211; 02 99 81 48 55 SIRET : 394 820 054 00028 N\u00b0TVA : FR 613 948 200 54 FORME JURIDIQUE : Soci\u00e9t\u00e9 par actions simplifi\u00e9es ACTIVIT\u00c9 : Commerce de gros (commerce interentreprises) de fruits et l\u00e9gumes [&hellip;]\" \/>\n<meta property=\"og:url\" content=\"https:\/\/lemarieprimeurs.com\/en\/mentions-legales\/\" \/>\n<meta property=\"og:site_name\" content=\"LEMARIE PRIMEURS\" \/>\n<meta property=\"article:modified_time\" content=\"2024-12-10T11:17:24+00:00\" \/>\n<meta property=\"og:image\" content=\"https:\/\/i0.wp.com\/lemarieprimeurs.com\/wp-content\/uploads\/2024\/04\/fa38f-icone2.png?fit=289%2C238&ssl=1\" \/>\n\t<meta property=\"og:image:width\" content=\"289\" \/>\n\t<meta property=\"og:image:height\" content=\"238\" \/>\n\t<meta property=\"og:image:type\" content=\"image\/png\" \/>\n<meta name=\"twitter:card\" content=\"summary_large_image\" \/>\n<meta name=\"twitter:label1\" content=\"Estimated reading time\" \/>\n\t<meta name=\"twitter:data1\" content=\"1 minute\" \/>\n<script type=\"application\/ld+json\" class=\"yoast-schema-graph\">{\"@context\":\"https:\\\/\\\/schema.org\",\"@graph\":[{\"@type\":\"WebPage\",\"@id\":\"https:\\\/\\\/lemarieprimeurs.com\\\/mentions-legales\\\/\",\"url\":\"https:\\\/\\\/lemarieprimeurs.com\\\/mentions-legales\\\/\",\"name\":\"Mentions l\u00e9gales - LEMARIE PRIMEURS\",\"isPartOf\":{\"@id\":\"https:\\\/\\\/lemarieprimeurs.com\\\/#website\"},\"datePublished\":\"2024-12-09T15:06:12+00:00\",\"dateModified\":\"2024-12-10T11:17:24+00:00\",\"breadcrumb\":{\"@id\":\"https:\\\/\\\/lemarieprimeurs.com\\\/mentions-legales\\\/#breadcrumb\"},\"inLanguage\":\"en-GB\",\"potentialAction\":[{\"@type\":\"ReadAction\",\"target\":[\"https:\\\/\\\/lemarieprimeurs.com\\\/mentions-legales\\\/\"]}]},{\"@type\":\"BreadcrumbList\",\"@id\":\"https:\\\/\\\/lemarieprimeurs.com\\\/mentions-legales\\\/#breadcrumb\",\"itemListElement\":[{\"@type\":\"ListItem\",\"position\":1,\"name\":\"Accueil\",\"item\":\"https:\\\/\\\/lemarieprimeurs.com\\\/\"},{\"@type\":\"ListItem\",\"position\":2,\"name\":\"Mentions l\u00e9gales\"}]},{\"@type\":\"WebSite\",\"@id\":\"https:\\\/\\\/lemarieprimeurs.com\\\/#website\",\"url\":\"https:\\\/\\\/lemarieprimeurs.com\\\/\",\"name\":\"LEMARIE PRIMEURS\",\"description\":\"Exp\u00e9dition et conditionnement de l\u00e9gumes frais\",\"publisher\":{\"@id\":\"https:\\\/\\\/lemarieprimeurs.com\\\/#organization\"},\"potentialAction\":[{\"@type\":\"SearchAction\",\"target\":{\"@type\":\"EntryPoint\",\"urlTemplate\":\"https:\\\/\\\/lemarieprimeurs.com\\\/?s={search_term_string}\"},\"query-input\":{\"@type\":\"PropertyValueSpecification\",\"valueRequired\":true,\"valueName\":\"search_term_string\"}}],\"inLanguage\":\"en-GB\"},{\"@type\":\"Organization\",\"@id\":\"https:\\\/\\\/lemarieprimeurs.com\\\/#organization\",\"name\":\"LEMARIE PRIMEURS\",\"alternateName\":\"LEMARIE PRIMEURS\",\"url\":\"https:\\\/\\\/lemarieprimeurs.com\\\/\",\"logo\":{\"@type\":\"ImageObject\",\"inLanguage\":\"en-GB\",\"@id\":\"https:\\\/\\\/lemarieprimeurs.com\\\/#\\\/schema\\\/logo\\\/image\\\/\",\"url\":\"https:\\\/\\\/i0.wp.com\\\/lemarieprimeurs.com\\\/wp-content\\\/uploads\\\/2024\\\/05\\\/cropped-lemarieprimeurs_signatureweb.jpg?fit=403%2C89&ssl=1\",\"contentUrl\":\"https:\\\/\\\/i0.wp.com\\\/lemarieprimeurs.com\\\/wp-content\\\/uploads\\\/2024\\\/05\\\/cropped-lemarieprimeurs_signatureweb.jpg?fit=403%2C89&ssl=1\",\"width\":403,\"height\":89,\"caption\":\"LEMARIE PRIMEURS\"},\"image\":{\"@id\":\"https:\\\/\\\/lemarieprimeurs.com\\\/#\\\/schema\\\/logo\\\/image\\\/\"}}]}<\/script>\n<!-- \/ Yoast SEO plugin. -->","yoast_head_json":{"title":"Mentions l\u00e9gales - LEMARIE PRIMEURS","robots":{"index":"index","follow":"follow","max-snippet":"max-snippet:-1","max-image-preview":"max-image-preview:large","max-video-preview":"max-video-preview:-1"},"canonical":"https:\/\/lemarieprimeurs.com\/en\/mentions-legales\/","og_locale":"en_GB","og_type":"article","og_title":"Mentions l\u00e9gales - LEMARIE PRIMEURS","og_description":"Gestion du siteLEMARIE PRIMEURS SAS &#8211; 2 Rue des Nouettes &#8211; Z.A de l&rsquo;Outre &#8211; 35350 La Gouesni\u00e8re &#8211; 02 99 81 48 55 SIRET : 394 820 054 00028 N\u00b0TVA : FR 613 948 200 54 FORME JURIDIQUE : Soci\u00e9t\u00e9 par actions simplifi\u00e9es ACTIVIT\u00c9 : Commerce de gros (commerce interentreprises) de fruits et l\u00e9gumes [&hellip;]","og_url":"https:\/\/lemarieprimeurs.com\/en\/mentions-legales\/","og_site_name":"LEMARIE PRIMEURS","article_modified_time":"2024-12-10T11:17:24+00:00","og_image":[{"width":289,"height":238,"url":"https:\/\/i0.wp.com\/lemarieprimeurs.com\/wp-content\/uploads\/2024\/04\/fa38f-icone2.png?fit=289%2C238&ssl=1","type":"image\/png"}],"twitter_card":"summary_large_image","twitter_misc":{"Estimated reading time":"1 minute"},"schema":{"@context":"https:\/\/schema.org","@graph":[{"@type":"WebPage","@id":"https:\/\/lemarieprimeurs.com\/mentions-legales\/","url":"https:\/\/lemarieprimeurs.com\/mentions-legales\/","name":"Mentions l\u00e9gales - LEMARIE PRIMEURS","isPartOf":{"@id":"https:\/\/lemarieprimeurs.com\/#website"},"datePublished":"2024-12-09T15:06:12+00:00","dateModified":"2024-12-10T11:17:24+00:00","breadcrumb":{"@id":"https:\/\/lemarieprimeurs.com\/mentions-legales\/#breadcrumb"},"inLanguage":"en-GB","potentialAction":[{"@type":"ReadAction","target":["https:\/\/lemarieprimeurs.com\/mentions-legales\/"]}]},{"@type":"BreadcrumbList","@id":"https:\/\/lemarieprimeurs.com\/mentions-legales\/#breadcrumb","itemListElement":[{"@type":"ListItem","position":1,"name":"Accueil","item":"https:\/\/lemarieprimeurs.com\/"},{"@type":"ListItem","position":2,"name":"Mentions l\u00e9gales"}]},{"@type":"WebSite","@id":"https:\/\/lemarieprimeurs.com\/#website","url":"https:\/\/lemarieprimeurs.com\/","name":"LEMARIE PRIMEURS","description":"Exp\u00e9dition et conditionnement de l\u00e9gumes frais","publisher":{"@id":"https:\/\/lemarieprimeurs.com\/#organization"},"potentialAction":[{"@type":"SearchAction","target":{"@type":"EntryPoint","urlTemplate":"https:\/\/lemarieprimeurs.com\/?s={search_term_string}"},"query-input":{"@type":"PropertyValueSpecification","valueRequired":true,"valueName":"search_term_string"}}],"inLanguage":"en-GB"},{"@type":"Organization","@id":"https:\/\/lemarieprimeurs.com\/#organization","name":"LEMARIE PRIMEURS","alternateName":"LEMARIE PRIMEURS","url":"https:\/\/lemarieprimeurs.com\/","logo":{"@type":"ImageObject","inLanguage":"en-GB","@id":"https:\/\/lemarieprimeurs.com\/#\/schema\/logo\/image\/","url":"https:\/\/i0.wp.com\/lemarieprimeurs.com\/wp-content\/uploads\/2024\/05\/cropped-lemarieprimeurs_signatureweb.jpg?fit=403%2C89&ssl=1","contentUrl":"https:\/\/i0.wp.com\/lemarieprimeurs.com\/wp-content\/uploads\/2024\/05\/cropped-lemarieprimeurs_signatureweb.jpg?fit=403%2C89&ssl=1","width":403,"height":89,"caption":"LEMARIE PRIMEURS"},"image":{"@id":"https:\/\/lemarieprimeurs.com\/#\/schema\/logo\/image\/"}}]}},"jetpack_likes_enabled":true,"jetpack_sharing_enabled":true,"jetpack_shortlink":"https:\/\/wp.me\/P7t9EP-lX","_links":{"self":[{"href":"https:\/\/lemarieprimeurs.com\/en\/wp-json\/wp\/v2\/pages\/1361","targetHints":{"allow":["GET"]}}],"collection":[{"href":"https:\/\/lemarieprimeurs.com\/en\/wp-json\/wp\/v2\/pages"}],"about":[{"href":"https:\/\/lemarieprimeurs.com\/en\/wp-json\/wp\/v2\/types\/page"}],"author":[{"embeddable":true,"href":"https:\/\/lemarieprimeurs.com\/en\/wp-json\/wp\/v2\/users\/104303293"}],"replies":[{"embeddable":true,"href":"https:\/\/lemarieprimeurs.com\/en\/wp-json\/wp\/v2\/comments?post=1361"}],"version-history":[{"count":5,"href":"https:\/\/lemarieprimeurs.com\/en\/wp-json\/wp\/v2\/pages\/1361\/revisions"}],"predecessor-version":[{"id":1384,"href":"https:\/\/lemarieprimeurs.com\/en\/wp-json\/wp\/v2\/pages\/1361\/revisions\/1384"}],"wp:attachment":[{"href":"https:\/\/lemarieprimeurs.com\/en\/wp-json\/wp\/v2\/media?parent=1361"}],"curies":[{"name":"wp","href":"https:\/\/api.w.org\/{rel}","templated":true}]}}